{"id":229,"date":"2021-11-12T08:23:50","date_gmt":"2021-11-12T08:23:50","guid":{"rendered":"https:\/\/ted.adventist.org\/youth\/?page_id=229"},"modified":"2026-01-21T15:48:43","modified_gmt":"2026-01-21T15:48:43","slug":"regional-directors","status":"publish","type":"page","link":"https:\/\/ted.adventist.org\/youth\/about\/regional-directors\/","title":{"rendered":"Regional Directors"},"content":{"rendered":"\r\n<p><img loading=\"lazy\" decoding=\"async\" class=\"alignnone wp-image-2121 \" src=\"https:\/\/ted.adventist.org\/youth\/wp-content\/uploads\/2024\/10\/IMG_8569-scaled-e1730369500284-300x191.jpg\" alt=\"\" width=\"534\" height=\"340\" srcset=\"https:\/\/ted.adventist.org\/youth\/wp-content\/uploads\/2024\/10\/IMG_8569-scaled-e1730369500284-300x191.jpg 300w, https:\/\/ted.adventist.org\/youth\/wp-content\/uploads\/2024\/10\/IMG_8569-scaled-e1730369500284-1024x653.jpg 1024w, https:\/\/ted.adventist.org\/youth\/wp-content\/uploads\/2024\/10\/IMG_8569-scaled-e1730369500284-768x490.jpg 768w, https:\/\/ted.adventist.org\/youth\/wp-content\/uploads\/2024\/10\/IMG_8569-scaled-e1730369500284-1536x980.jpg 1536w, https:\/\/ted.adventist.org\/youth\/wp-content\/uploads\/2024\/10\/IMG_8569-scaled-e1730369500284-2048x1306.jpg 2048w, https:\/\/ted.adventist.org\/youth\/wp-content\/uploads\/2024\/10\/IMG_8569-scaled-e1730369500284-350x223.jpg 350w, https:\/\/ted.adventist.org\/youth\/wp-content\/uploads\/2024\/10\/IMG_8569-scaled-e1730369500284-700x447.jpg 700w, https:\/\/ted.adventist.org\/youth\/wp-content\/uploads\/2024\/10\/IMG_8569-scaled-e1730369500284-900x574.jpg 900w, https:\/\/ted.adventist.org\/youth\/wp-content\/uploads\/2024\/10\/IMG_8569-scaled-e1730369500284-1100x702.jpg 1100w\" sizes=\"auto, (max-width: 534px) 100vw, 534px\" \/><\/p>\r\n<p>ADRIATIC UNION CONF <strong>Alen<\/strong><strong> Had\u017eiefendi\u0107<\/strong><em> Youth<\/em>, <strong>Marko Virti<strong><strong>\u0107<\/strong><\/strong><\/strong><em> Pathfinders <\/em><\/p>\r\n<p>\r\n\r\n<\/p>\r\n<p>BALTIC UNION CONF <strong>Jana Imaka <\/strong><em style=\"font-style: italic;\">Youth<\/em>, <em><strong>Jaanus-Janari Kogerman <\/strong>Pathfinders<\/em><\/p>\r\n<p>\r\n\r\n<\/p>\r\n<p>BRITISH UNION CONF <b>Njabulo &#8216;Njay&#8217; Ndlovu<\/b> <em>Interim Director <em>Youth<\/em><\/em> <em>&amp; Pathfinders<\/em><\/p>\r\n<p>\r\n\r\n<\/p>\r\n<p>CYPRUS REGION <strong>Kim Papaioannou<\/strong> <em>Youth <strong>Branislav Mirilov <\/strong>Pathfinders<\/em><\/p>\r\n<p>\r\n\r\n<\/p>\r\n<p>DANISH UNION OF CHURCHES CONF <strong>Dorte Thyregod Svendsen, Jadanna Likendijk<\/strong>\u00a0<em>Youth<\/em>, <strong>Torben Rasmussen<\/strong> <em>Pathfinders<\/em><\/p>\r\n<p>\r\n\r\n<\/p>\r\n<p>FINNISH UNION OF CHURCHES CONF <strong>Tiina Keronen<\/strong> <em>Youth <\/em>&amp; <em>Pathfinders,<\/em><strong> Mikael Takamaa\u00a0<\/strong><em>Teens, <\/em><strong>Ida Nab<\/strong><em> Pre-Teens<\/em><\/p>\r\n<p>\r\n\r\n<\/p>\r\n<p>GREEK MISSION <strong>Moses Siwale<\/strong> <em><em>Youth<\/em><\/em> <em>&amp; Pathfinders<\/em><\/p>\r\n<p>\r\n\r\n<\/p>\r\n<p>HUNGARIAN UNION CONF <strong>Kristof Palot\u00e1s<\/strong> <em><em>You<\/em>th<\/em> &amp; <em>Pathfinders<\/em><\/p>\r\n<p>\r\n\r\n<\/p>\r\n<p>ICELAND CONF <strong>Gustavo Ferelli <\/strong><em><em>Youth<\/em><\/em>, <strong>Birgir Oskarsson<\/strong> <em>Pathfinders<\/em><\/p>\r\n<p>\r\n\r\n<\/p>\r\n<p>NETHERLANDS UNION OF CHURCHES CONF <strong>Gabriel Kwayie <\/strong><em><em>Youth<\/em>,<\/em> <strong>Collina Millard<\/strong><em> Pathfinders<\/em><\/p>\r\n<p>\r\n\r\n<\/p>\r\n<p>NORWEGIAN UNION CONF <strong>Gry-Beate Marley <\/strong><em><em>Youth<\/em><\/em> <em>&amp; Pathfinders<\/em><strong>, Rebecca Hofseth &amp; Harald Giesbrecht <\/strong><em>Associates<\/em><\/p>\r\n<p>\r\n\r\n<\/p>\r\n<p>POLISH UNION CONF <strong>Marcin Knapik<\/strong> <em><em>Youth<\/em><\/em>, <strong>Olga Kulinicz<\/strong><em> Pathfinders<\/em><\/p>\r\n<p>\r\n\r\n<\/p>\r\n<p>SOUTH-EAST EUROPEAN UNION CONF <b>Milomir<\/b><strong> Radovi\u0107 <\/strong><em><em>Youth<\/em><\/em>, <strong>David Sili<\/strong> <em>Pathfinders<\/em><\/p>\r\n<p>\r\n\r\n<\/p>\r\n<p>SWEDISH UNION OF CHURCHES CONF <strong>Anette Frank, Anna Tegebo <\/strong><em><em>Youth<\/em><\/em>,<strong> Linda Schwartz<\/strong> <em>Teens<\/em>, <strong>Peter Gille<\/strong> <em>Pathfinders<\/em><\/p>\r\n<p><\/p>","protected":false},"excerpt":{"rendered":"<p>ADRIATIC UNION CONF Alen Had\u017eiefendi\u0107 Youth, Marko Virti\u0107 Pathfinders BALTIC UNION CONF Jana Imaka Youth, Jaanus-Janari Kogerman Pathfinders BRITISH UNION CONF Njabulo &#8216;Njay&#8217; Ndlovu Interim Director Youth &amp; Pathfinders CYPRUS REGION Kim Papaioannou Youth Branislav Mirilov Pathfinders DANISH UNION OF CHURCHES CONF Dorte Thyregod Svendsen, Jadanna Likendijk\u00a0Youth, Torben Rasmussen Pathfinders FINNISH UNION OF CHURCHES CONF &hellip; <a href=\"https:\/\/ted.adventist.org\/youth\/about\/regional-directors\/\">Continued<\/a><\/p>\n","protected":false},"author":1,"featured_media":0,"parent":42,"menu_order":0,"comment_status":"closed","ping_status":"closed","template":"","meta":{"inline_featured_image":false,"footnotes":""},"categories":[],"tags":[],"class_list":["post-229","page","type-page","status-publish","hentry"],"yoast_head":"<!-- This site is optimized with the Yoast SEO plugin v26.1.1 - https:\/\/yoast.com\/wordpress\/plugins\/seo\/ -->\n<title>Regional Directors - TED Youth Ministries<\/title>\n<meta name=\"robots\" content=\"index, follow, max-snippet:-1, max-image-preview:large, max-video-preview:-1\" \/>\n<link rel=\"canonical\" href=\"https:\/\/ted.adventist.org\/youth\/about\/regional-directors\/\" \/>\n<meta property=\"og:locale\" content=\"en_US\" \/>\n<meta property=\"og:type\" content=\"article\" \/>\n<meta property=\"og:title\" content=\"Regional Directors - TED Youth Ministries\" \/>\n<meta property=\"og:description\" content=\"ADRIATIC UNION CONF Alen Had\u017eiefendi\u0107 Youth, Marko Virti\u0107 Pathfinders BALTIC UNION CONF Jana Imaka Youth, Jaanus-Janari Kogerman Pathfinders BRITISH UNION CONF Njabulo &#8216;Njay&#8217; Ndlovu Interim Director Youth &amp; Pathfinders CYPRUS REGION Kim Papaioannou Youth Branislav Mirilov Pathfinders DANISH UNION OF CHURCHES CONF Dorte Thyregod Svendsen, Jadanna Likendijk\u00a0Youth, Torben Rasmussen Pathfinders FINNISH UNION OF CHURCHES CONF &hellip; Continued\" \/>\n<meta property=\"og:url\" content=\"https:\/\/ted.adventist.org\/youth\/about\/regional-directors\/\" \/>\n<meta property=\"og:site_name\" content=\"TED Youth Ministries\" \/>\n<meta property=\"article:modified_time\" content=\"2026-01-21T15:48:43+00:00\" \/>\n<meta property=\"og:image\" content=\"https:\/\/ted.adventist.org\/youth\/wp-content\/uploads\/2024\/10\/IMG_8569-scaled-e1730369500284.jpg\" \/>\n\t<meta property=\"og:image:width\" content=\"2107\" \/>\n\t<meta property=\"og:image:height\" content=\"1344\" \/>\n\t<meta property=\"og:image:type\" content=\"image\/jpeg\" \/>\n<meta name=\"twitter:card\" content=\"summary_large_image\" \/>\n<meta name=\"twitter:label1\" content=\"Est. reading time\" \/>\n\t<meta name=\"twitter:data1\" content=\"1 minute\" \/>\n<script type=\"application\/ld+json\" class=\"yoast-schema-graph\">{\"@context\":\"https:\/\/schema.org\",\"@graph\":[{\"@type\":\"WebPage\",\"@id\":\"https:\/\/ted.adventist.org\/youth\/about\/regional-directors\/\",\"url\":\"https:\/\/ted.adventist.org\/youth\/about\/regional-directors\/\",\"name\":\"Regional Directors - TED Youth Ministries\",\"isPartOf\":{\"@id\":\"https:\/\/ted.adventist.org\/youth\/#website\"},\"primaryImageOfPage\":{\"@id\":\"https:\/\/ted.adventist.org\/youth\/about\/regional-directors\/#primaryimage\"},\"image\":{\"@id\":\"https:\/\/ted.adventist.org\/youth\/about\/regional-directors\/#primaryimage\"},\"thumbnailUrl\":\"https:\/\/ted.adventist.org\/youth\/wp-content\/uploads\/2024\/10\/IMG_8569-scaled-e1730369500284-300x191.jpg\",\"datePublished\":\"2021-11-12T08:23:50+00:00\",\"dateModified\":\"2026-01-21T15:48:43+00:00\",\"breadcrumb\":{\"@id\":\"https:\/\/ted.adventist.org\/youth\/about\/regional-directors\/#breadcrumb\"},\"inLanguage\":\"en-US\",\"potentialAction\":[{\"@type\":\"ReadAction\",\"target\":[\"https:\/\/ted.adventist.org\/youth\/about\/regional-directors\/\"]}]},{\"@type\":\"ImageObject\",\"inLanguage\":\"en-US\",\"@id\":\"https:\/\/ted.adventist.org\/youth\/about\/regional-directors\/#primaryimage\",\"url\":\"https:\/\/ted.adventist.org\/youth\/wp-content\/uploads\/2024\/10\/IMG_8569-scaled-e1730369500284.jpg\",\"contentUrl\":\"https:\/\/ted.adventist.org\/youth\/wp-content\/uploads\/2024\/10\/IMG_8569-scaled-e1730369500284.jpg\",\"width\":2107,\"height\":1344},{\"@type\":\"BreadcrumbList\",\"@id\":\"https:\/\/ted.adventist.org\/youth\/about\/regional-directors\/#breadcrumb\",\"itemListElement\":[{\"@type\":\"ListItem\",\"position\":1,\"name\":\"Home\",\"item\":\"https:\/\/ted.adventist.org\/youth\/\"},{\"@type\":\"ListItem\",\"position\":2,\"name\":\"About\",\"item\":\"https:\/\/ted.adventist.org\/youth\/about\/\"},{\"@type\":\"ListItem\",\"position\":3,\"name\":\"Regional Directors\"}]},{\"@type\":\"WebSite\",\"@id\":\"https:\/\/ted.adventist.org\/youth\/#website\",\"url\":\"https:\/\/ted.adventist.org\/youth\/\",\"name\":\"TED Youth Ministries\",\"description\":\"TED Youth\",\"publisher\":{\"@id\":\"https:\/\/ted.adventist.org\/youth\/#organization\"},\"potentialAction\":[{\"@type\":\"SearchAction\",\"target\":{\"@type\":\"EntryPoint\",\"urlTemplate\":\"https:\/\/ted.adventist.org\/youth\/?s={search_term_string}\"},\"query-input\":{\"@type\":\"PropertyValueSpecification\",\"valueRequired\":true,\"valueName\":\"search_term_string\"}}],\"inLanguage\":\"en-US\"},{\"@type\":\"Organization\",\"@id\":\"https:\/\/ted.adventist.org\/youth\/#organization\",\"name\":\"Youth Trans-European Division\",\"url\":\"https:\/\/ted.adventist.org\/youth\/\",\"logo\":{\"@type\":\"ImageObject\",\"inLanguage\":\"en-US\",\"@id\":\"https:\/\/ted.adventist.org\/youth\/#\/schema\/logo\/image\/\",\"url\":\"https:\/\/ted.adventist.org\/youth\/wp-content\/uploads\/2022\/01\/logo-youth.jpg\",\"contentUrl\":\"https:\/\/ted.adventist.org\/youth\/wp-content\/uploads\/2022\/01\/logo-youth.jpg\",\"width\":520,\"height\":180,\"caption\":\"Youth Trans-European Division\"},\"image\":{\"@id\":\"https:\/\/ted.adventist.org\/youth\/#\/schema\/logo\/image\/\"}}]}<\/script>\n<!-- \/ Yoast SEO plugin. -->","yoast_head_json":{"title":"Regional Directors - TED Youth Ministries","robots":{"index":"index","follow":"follow","max-snippet":"max-snippet:-1","max-image-preview":"max-image-preview:large","max-video-preview":"max-video-preview:-1"},"canonical":"https:\/\/ted.adventist.org\/youth\/about\/regional-directors\/","og_locale":"en_US","og_type":"article","og_title":"Regional Directors - TED Youth Ministries","og_description":"ADRIATIC UNION CONF Alen Had\u017eiefendi\u0107 Youth, Marko Virti\u0107 Pathfinders BALTIC UNION CONF Jana Imaka Youth, Jaanus-Janari Kogerman Pathfinders BRITISH UNION CONF Njabulo &#8216;Njay&#8217; Ndlovu Interim Director Youth &amp; Pathfinders CYPRUS REGION Kim Papaioannou Youth Branislav Mirilov Pathfinders DANISH UNION OF CHURCHES CONF Dorte Thyregod Svendsen, Jadanna Likendijk\u00a0Youth, Torben Rasmussen Pathfinders FINNISH UNION OF CHURCHES CONF &hellip; Continued","og_url":"https:\/\/ted.adventist.org\/youth\/about\/regional-directors\/","og_site_name":"TED Youth Ministries","article_modified_time":"2026-01-21T15:48:43+00:00","og_image":[{"width":2107,"height":1344,"url":"https:\/\/ted.adventist.org\/youth\/wp-content\/uploads\/2024\/10\/IMG_8569-scaled-e1730369500284.jpg","type":"image\/jpeg"}],"twitter_card":"summary_large_image","twitter_misc":{"Est. reading time":"1 minute"},"schema":{"@context":"https:\/\/schema.org","@graph":[{"@type":"WebPage","@id":"https:\/\/ted.adventist.org\/youth\/about\/regional-directors\/","url":"https:\/\/ted.adventist.org\/youth\/about\/regional-directors\/","name":"Regional Directors - TED Youth Ministries","isPartOf":{"@id":"https:\/\/ted.adventist.org\/youth\/#website"},"primaryImageOfPage":{"@id":"https:\/\/ted.adventist.org\/youth\/about\/regional-directors\/#primaryimage"},"image":{"@id":"https:\/\/ted.adventist.org\/youth\/about\/regional-directors\/#primaryimage"},"thumbnailUrl":"https:\/\/ted.adventist.org\/youth\/wp-content\/uploads\/2024\/10\/IMG_8569-scaled-e1730369500284-300x191.jpg","datePublished":"2021-11-12T08:23:50+00:00","dateModified":"2026-01-21T15:48:43+00:00","breadcrumb":{"@id":"https:\/\/ted.adventist.org\/youth\/about\/regional-directors\/#breadcrumb"},"inLanguage":"en-US","potentialAction":[{"@type":"ReadAction","target":["https:\/\/ted.adventist.org\/youth\/about\/regional-directors\/"]}]},{"@type":"ImageObject","inLanguage":"en-US","@id":"https:\/\/ted.adventist.org\/youth\/about\/regional-directors\/#primaryimage","url":"https:\/\/ted.adventist.org\/youth\/wp-content\/uploads\/2024\/10\/IMG_8569-scaled-e1730369500284.jpg","contentUrl":"https:\/\/ted.adventist.org\/youth\/wp-content\/uploads\/2024\/10\/IMG_8569-scaled-e1730369500284.jpg","width":2107,"height":1344},{"@type":"BreadcrumbList","@id":"https:\/\/ted.adventist.org\/youth\/about\/regional-directors\/#breadcrumb","itemListElement":[{"@type":"ListItem","position":1,"name":"Home","item":"https:\/\/ted.adventist.org\/youth\/"},{"@type":"ListItem","position":2,"name":"About","item":"https:\/\/ted.adventist.org\/youth\/about\/"},{"@type":"ListItem","position":3,"name":"Regional Directors"}]},{"@type":"WebSite","@id":"https:\/\/ted.adventist.org\/youth\/#website","url":"https:\/\/ted.adventist.org\/youth\/","name":"TED Youth Ministries","description":"TED Youth","publisher":{"@id":"https:\/\/ted.adventist.org\/youth\/#organization"},"potentialAction":[{"@type":"SearchAction","target":{"@type":"EntryPoint","urlTemplate":"https:\/\/ted.adventist.org\/youth\/?s={search_term_string}"},"query-input":{"@type":"PropertyValueSpecification","valueRequired":true,"valueName":"search_term_string"}}],"inLanguage":"en-US"},{"@type":"Organization","@id":"https:\/\/ted.adventist.org\/youth\/#organization","name":"Youth Trans-European Division","url":"https:\/\/ted.adventist.org\/youth\/","logo":{"@type":"ImageObject","inLanguage":"en-US","@id":"https:\/\/ted.adventist.org\/youth\/#\/schema\/logo\/image\/","url":"https:\/\/ted.adventist.org\/youth\/wp-content\/uploads\/2022\/01\/logo-youth.jpg","contentUrl":"https:\/\/ted.adventist.org\/youth\/wp-content\/uploads\/2022\/01\/logo-youth.jpg","width":520,"height":180,"caption":"Youth Trans-European Division"},"image":{"@id":"https:\/\/ted.adventist.org\/youth\/#\/schema\/logo\/image\/"}}]}},"_links":{"self":[{"href":"https:\/\/ted.adventist.org\/youth\/wp-json\/wp\/v2\/pages\/229","targetHints":{"allow":["GET"]}}],"collection":[{"href":"https:\/\/ted.adventist.org\/youth\/wp-json\/wp\/v2\/pages"}],"about":[{"href":"https:\/\/ted.adventist.org\/youth\/wp-json\/wp\/v2\/types\/page"}],"author":[{"embeddable":true,"href":"https:\/\/ted.adventist.org\/youth\/wp-json\/wp\/v2\/users\/1"}],"replies":[{"embeddable":true,"href":"https:\/\/ted.adventist.org\/youth\/wp-json\/wp\/v2\/comments?post=229"}],"version-history":[{"count":24,"href":"https:\/\/ted.adventist.org\/youth\/wp-json\/wp\/v2\/pages\/229\/revisions"}],"predecessor-version":[{"id":2265,"href":"https:\/\/ted.adventist.org\/youth\/wp-json\/wp\/v2\/pages\/229\/revisions\/2265"}],"up":[{"embeddable":true,"href":"https:\/\/ted.adventist.org\/youth\/wp-json\/wp\/v2\/pages\/42"}],"wp:attachment":[{"href":"https:\/\/ted.adventist.org\/youth\/wp-json\/wp\/v2\/media?parent=229"}],"wp:term":[{"taxonomy":"category","embeddable":true,"href":"https:\/\/ted.adventist.org\/youth\/wp-json\/wp\/v2\/categories?post=229"},{"taxonomy":"post_tag","embeddable":true,"href":"https:\/\/ted.adventist.org\/youth\/wp-json\/wp\/v2\/tags?post=229"}],"curies":[{"name":"wp","href":"https:\/\/api.w.org\/{rel}","templated":true}]}}